{"id":11,"date":"2022-07-01T11:39:10","date_gmt":"2022-07-01T09:39:10","guid":{"rendered":"https:\/\/www.schnuck.org\/profahrrad\/?page_id=11"},"modified":"2025-11-26T10:36:23","modified_gmt":"2025-11-26T09:36:23","slug":"das-neue-museum-oeffnet-seine-tueren","status":"publish","type":"page","link":"https:\/\/www.pro-fahrrad-bsb.de\/","title":{"rendered":"Pro Fahrrad Bersenbr\u00fcck"},"content":{"rendered":"\n<p class=\"has-medium-font-size\">Wir sind eine B\u00fcrgerinitiative, die  das Fahrrad als gleichberechtigtes Verkehrsmittel in Bersenbr\u00fcck f\u00f6rdern will.<\/p>\n\n\n\n<p style=\"font-size:28px\">Warum ProFahrrad Bersenbr\u00fcck?<\/p>\n\n\n\n<p>Das Fahrradfahren nimmt als umweltfreundliches Verkehrsmittel immer weiter an Bedeutung zu. Gleichzeitig wird die Vielfalt der verschiedenen Fahrradtypen gr\u00f6\u00dfer.<\/p>\n\n\n\n<p>Beispiele aus anderen Orten machen deutlich, dass ein konsequenter und bedarfsgerechter Ausbau der Radverkehrswege zu einer h\u00f6heren Nutzung des Fahrrades f\u00fchrt.<\/p>\n\n\n\n<p>Auch in Bersenbr\u00fcck steigt der Bedarf f\u00fcr eine sichere und komfortable Fahrrad-Infrastruktur, die dazu einl\u00e4dt, das Fahrrad so oft wie m\u00f6glich zu nutzen.<\/p>\n\n\n\n<p>Daher wollen wir uns aktiv in die Gestaltung der Fahrradinfrastruktur in Bersenbr\u00fcck einbringen.<\/p>\n\n\n<div class=\"wp-block-image\">\n<figure class=\"aligncenter size-large\"><img decoding=\"async\" loading=\"lazy\" width=\"1024\" height=\"576\" src=\"https:\/\/www.pro-fahrrad-bsb.de\/wp-content\/uploads\/DJI_0419-1024x576.jpg\" alt=\"\" class=\"wp-image-283\" srcset=\"https:\/\/www.pro-fahrrad-bsb.de\/wp-content\/uploads\/DJI_0419-1024x576.jpg 1024w, https:\/\/www.pro-fahrrad-bsb.de\/wp-content\/uploads\/DJI_0419-300x169.jpg 300w, https:\/\/www.pro-fahrrad-bsb.de\/wp-content\/uploads\/DJI_0419-768x432.jpg 768w, https:\/\/www.pro-fahrrad-bsb.de\/wp-content\/uploads\/DJI_0419-1536x864.jpg 1536w, https:\/\/www.pro-fahrrad-bsb.de\/wp-content\/uploads\/DJI_0419-2048x1152.jpg 2048w, https:\/\/www.pro-fahrrad-bsb.de\/wp-content\/uploads\/DJI_0419-2000x1125.jpg 2000w\" sizes=\"(max-width: 1024px) 100vw, 1024px\" \/><\/figure><\/div>","protected":false},"excerpt":{"rendered":"<p>Wir sind eine B\u00fcrgerinitiative, die das Fahrrad als gleichberechtigtes Verkehrsmittel in Bersenbr\u00fcck f\u00f6rdern will. Warum ProFahrrad Bersenbr\u00fcck? Das Fahrradfahren nimmt als umweltfreundliches Verkehrsmittel immer weiter an Bedeutung zu. Gleichzeitig wird die Vielfalt der verschiedenen Fahrradtypen gr\u00f6\u00dfer. Beispiele aus anderen Orten machen deutlich, dass ein konsequenter und bedarfsgerechter Ausbau der Radverkehrswege zu einer h\u00f6heren Nutzung des &hellip; <a href=\"https:\/\/www.pro-fahrrad-bsb.de\/\" class=\"more-link\"><span class=\"screen-reader-text\">Pro Fahrrad Bersenbr\u00fcck<\/span> weiterlesen<\/a><\/p>\n","protected":false},"author":1,"featured_media":0,"parent":0,"menu_order":0,"comment_status":"closed","ping_status":"closed","template":"","meta":{"pgc_sgb_lightbox_settings":""},"_links":{"self":[{"href":"https:\/\/www.pro-fahrrad-bsb.de\/index.php\/wp-json\/wp\/v2\/pages\/11"}],"collection":[{"href":"https:\/\/www.pro-fahrrad-bsb.de\/index.php\/wp-json\/wp\/v2\/pages"}],"about":[{"href":"https:\/\/www.pro-fahrrad-bsb.de\/index.php\/wp-json\/wp\/v2\/types\/page"}],"author":[{"embeddable":true,"href":"https:\/\/www.pro-fahrrad-bsb.de\/index.php\/wp-json\/wp\/v2\/users\/1"}],"replies":[{"embeddable":true,"href":"https:\/\/www.pro-fahrrad-bsb.de\/index.php\/wp-json\/wp\/v2\/comments?post=11"}],"version-history":[{"count":29,"href":"https:\/\/www.pro-fahrrad-bsb.de\/index.php\/wp-json\/wp\/v2\/pages\/11\/revisions"}],"predecessor-version":[{"id":414,"href":"https:\/\/www.pro-fahrrad-bsb.de\/index.php\/wp-json\/wp\/v2\/pages\/11\/revisions\/414"}],"wp:attachment":[{"href":"https:\/\/www.pro-fahrrad-bsb.de\/index.php\/wp-json\/wp\/v2\/media?parent=11"}],"curies":[{"name":"wp","href":"https:\/\/api.w.org\/{rel}","templated":true}]}}