{"id":223,"date":"2023-07-01T22:06:31","date_gmt":"2023-07-01T20:06:31","guid":{"rendered":"https:\/\/www.pro-fahrrad-bsb.de\/?page_id=223"},"modified":"2023-07-02T22:31:12","modified_gmt":"2023-07-02T20:31:12","slug":"nachbericht-kidical-mass","status":"publish","type":"page","link":"https:\/\/www.pro-fahrrad-bsb.de\/index.php\/nachbericht-kidical-mass\/","title":{"rendered":"Nachbericht &#8211; Kidical Mass"},"content":{"rendered":"\n<p>So, die erste Kidical Mass in Bersenbr\u00fcck ist Geschichte.<\/p>\n\n\n\n<p>Zeit, daf\u00fcr <em>&#8220;Danke&#8221;<\/em> zu sagen:<\/p>\n\n\n\n<p>Vielen Dank an Frau Rauf, Frau Stolze und die Grundschule Bersenbr\u00fcck f\u00fcr den Mut, eine Fahrraddemo aufzuziehen!<\/p>\n\n\n\n<p>Vielen Dank an die Ordner der BBS Bersenbr\u00fcck und die Ordner und Schulsanit\u00e4ter des Gymnasium Bersenbr\u00fcck!<\/p>\n\n\n\n<p>Vielen Dank an alle Teilnehmer, ob gro\u00df oder klein, Mensch oder Hund \ud83d\ude09 !<\/p>\n\n\n\n<p><strong>Ein besonders gro\u00dfes Dankesch\u00f6n an die Klima-AG der Grundschule! Ohne euch h\u00e4tte es diese Demo nicht geben k\u00f6nnen!<\/strong><\/p>\n\n\n\n<p>Wir hoffen, dass der eine oder andere Erwachsene zugeh\u00f6rt hat und die Schulkinder in Zukunft sicherer den Weg zur Schule antreten k\u00f6nnen. <\/p>\n\n\n\n<p>Hier findet ihr den Nachbericht der NOZ (<a href=\"https:\/\/www.noz.de\/lokales\/bersenbrueck\/artikel\/600-schueler-ziehen-bei-fahrraddemo-kidical-mass-durch-bersenbrueck-45034809\">Link<\/a>).<\/p>\n\n\n\n<p><a href=\"https:\/\/www.pro-fahrrad-bsb.de\/index.php\/galerie-kidical-mass-30-06-2023\/\">Hier findet ihr die gesammelten Eindr\u00fccke in Bildern.<\/a><\/p>\n\n\n\n<p>Vielen Dank auch an alle Helfer von Pro-Fahrrad-Bersenbr\u00fcck, die im Nachgang noch den Marktplatz gereinigt haben, damit die Sch\u00fctzen einen sauberen Platz vorfinden.<\/p>\n\n\n\n<figure class=\"wp-block-image size-large\"><img decoding=\"async\" loading=\"lazy\" width=\"1024\" height=\"768\" src=\"https:\/\/www.pro-fahrrad-bsb.de\/wp-content\/uploads\/signal-2023-06-30-144046_002-1024x768.jpeg\" alt=\"Reinigung Marktplatz\" class=\"wp-image-247\" srcset=\"https:\/\/www.pro-fahrrad-bsb.de\/wp-content\/uploads\/signal-2023-06-30-144046_002-1024x768.jpeg 1024w, https:\/\/www.pro-fahrrad-bsb.de\/wp-content\/uploads\/signal-2023-06-30-144046_002-300x225.jpeg 300w, https:\/\/www.pro-fahrrad-bsb.de\/wp-content\/uploads\/signal-2023-06-30-144046_002-768x576.jpeg 768w, https:\/\/www.pro-fahrrad-bsb.de\/wp-content\/uploads\/signal-2023-06-30-144046_002-1536x1152.jpeg 1536w, https:\/\/www.pro-fahrrad-bsb.de\/wp-content\/uploads\/signal-2023-06-30-144046_002.jpeg 1600w\" sizes=\"(max-width: 1024px) 100vw, 1024px\" \/><\/figure>\n\n\n\n<p>Wir sehen uns bei der n\u00e4chsten Aktion!<\/p>\n","protected":false},"excerpt":{"rendered":"<p>So, die erste Kidical Mass in Bersenbr\u00fcck ist Geschichte. Zeit, daf\u00fcr &#8220;Danke&#8221; zu sagen: Vielen Dank an Frau Rauf, Frau Stolze und die Grundschule Bersenbr\u00fcck f\u00fcr den Mut, eine Fahrraddemo aufzuziehen! Vielen Dank an die Ordner der BBS Bersenbr\u00fcck und die Ordner und Schulsanit\u00e4ter des Gymnasium Bersenbr\u00fcck! Vielen Dank an alle Teilnehmer, ob gro\u00df oder &hellip; <a href=\"https:\/\/www.pro-fahrrad-bsb.de\/index.php\/nachbericht-kidical-mass\/\" class=\"more-link\"><span class=\"screen-reader-text\">Nachbericht &#8211; Kidical Mass<\/span> weiterlesen<\/a><\/p>\n","protected":false},"author":1,"featured_media":0,"parent":0,"menu_order":0,"comment_status":"closed","ping_status":"closed","template":"","meta":{"pgc_sgb_lightbox_settings":""},"_links":{"self":[{"href":"https:\/\/www.pro-fahrrad-bsb.de\/index.php\/wp-json\/wp\/v2\/pages\/223"}],"collection":[{"href":"https:\/\/www.pro-fahrrad-bsb.de\/index.php\/wp-json\/wp\/v2\/pages"}],"about":[{"href":"https:\/\/www.pro-fahrrad-bsb.de\/index.php\/wp-json\/wp\/v2\/types\/page"}],"author":[{"embeddable":true,"href":"https:\/\/www.pro-fahrrad-bsb.de\/index.php\/wp-json\/wp\/v2\/users\/1"}],"replies":[{"embeddable":true,"href":"https:\/\/www.pro-fahrrad-bsb.de\/index.php\/wp-json\/wp\/v2\/comments?post=223"}],"version-history":[{"count":14,"href":"https:\/\/www.pro-fahrrad-bsb.de\/index.php\/wp-json\/wp\/v2\/pages\/223\/revisions"}],"predecessor-version":[{"id":279,"href":"https:\/\/www.pro-fahrrad-bsb.de\/index.php\/wp-json\/wp\/v2\/pages\/223\/revisions\/279"}],"wp:attachment":[{"href":"https:\/\/www.pro-fahrrad-bsb.de\/index.php\/wp-json\/wp\/v2\/media?parent=223"}],"curies":[{"name":"wp","href":"https:\/\/api.w.org\/{rel}","templated":true}]}}