{"id":337,"date":"2025-04-10T15:29:12","date_gmt":"2025-04-10T13:29:12","guid":{"rendered":"https:\/\/www.pro-fahrrad-bsb.de\/?page_id=337"},"modified":"2025-09-01T08:04:22","modified_gmt":"2025-09-01T06:04:22","slug":"stadtradeln-2025","status":"publish","type":"page","link":"https:\/\/www.pro-fahrrad-bsb.de\/index.php\/stadtradeln-2025\/","title":{"rendered":"Stadtradeln 2025"},"content":{"rendered":"\n<p>W\u00e4hrend des Statradelns k\u00f6nnen alle Radfahrenden mit ihren Kilometern den Radverkehr in der Region unterst\u00fctzen und gleichzeitig einen Beitrag f\u00fcr den Klimaschutz leisten \u2013 gerne auch in unserem <a rel=\"noreferrer noopener\" href=\"http:\/\/www.stadtradeln.de\" data-type=\"URL\" data-id=\"www.stadtradeln.de\" target=\"_blank\">Stadradeln-Team PRO Fahrrad Bersenbr\u00fcck<\/a>. Nach der Registrierung kann man einem Team beitreten.<\/p>\n\n\n<div class=\"wp-block-image\">\n<figure class=\"aligncenter size-full is-resized\"><img decoding=\"async\" loading=\"lazy\" src=\"https:\/\/www.pro-fahrrad-bsb.de\/wp-content\/uploads\/Photos\/IMG_1236.png\" alt=\"\" class=\"wp-image-356\" width=\"480\" height=\"368\"\/><\/figure><\/div>\n\n\n<p>Wem die Registrierung und die Nutzung der App zu umst\u00e4ndlich sind, kann die geradelten Kilometer auch aufschreiben und uns mitteilen. Wir erfassen diese dann in unserer Gruppe.<\/p>\n\n\n\n<p class=\"has-large-font-size\"><strong>Radtouren zum Stadtradeln 2025<\/strong><\/p>\n\n\n\n<p>Vom <strong>10. bis 30. Mai<\/strong> fand das Stadtradeln 2025 in der Samtgemeinde Bersenbr\u00fcck statt. Pro Fahrrad Bersenbr\u00fcck hat sich in Zusammenarbeit mit dem <a rel=\"noreferrer noopener\" href=\"https:\/\/heimatvereinbersenbrueck.de\/wordpress\/events\/\" target=\"_blank\">Heimatverein Bersenbr\u00fcck<\/a> mit Radtour-Angeboten am Stadtradeln beteiligt.<\/p>\n\n\n\n<p class=\"has-medium-font-size\"><strong>Tour 1: Mittwoch, 14. Mai, <\/strong><br>            <strong>14.00 \u2013 18.00 Uhr<\/strong><\/p>\n\n\n\n<p class=\"has-small-font-size\"><strong>Tour des Heimatvereins Bersenbr\u00fcck<\/strong><br>Anl\u00e4sslich des Stadtradelns f\u00fchrt die <a href=\"https:\/\/heimatvereinbersenbrueck.de\/wordpress\/termin\/radwanderung-an-jeden-2ten-mittwoch-im-monat-2\/\">Tour des Heimatvereins <\/a>unter der Leitung von Reinhard P\u00f6ttker in Richtung Gehrde und beinhaltet eine Besichtigung der Firma Kreiling. Gerne k\u00f6nnen an dieser Tour auch (noch) Nicht-Mitmitglieder mitfahren und einen Eindruck von den regelm\u00e4\u00dfig stattfindenden Touren des Heimatvereins gewinnen.<br><br><strong>Streckenl\u00e4nge<\/strong>: ca. 30 km<br><strong>Wegbeschaffenheit<\/strong>: flach, meist befestigt<br><strong>Fahrrad<\/strong>: geeignet f\u00fcr Bio- und E-Bikes<br><strong>Tourenleitung<\/strong>: Reinhard P\u00f6ttker<\/p>\n\n\n\n<p class=\"has-medium-font-size\"><strong>Tour 2: Samstag, <\/strong><br>             <strong>17. Mai, ab 10.00 Uhr<\/strong><\/p>\n\n\n\n<p class=\"has-small-font-size\"><strong>Tagestour in den Landkreis Vechta mit Besichtigung der Seefahrerschule in M\u00fchlen<\/strong><br><\/p>\n\n\n\n<p class=\"has-small-font-size\">Verdursten wird sicherlich niemand auf der 70-Kilometer-Runde, denn es geht in den Landkreis Vechta. Die Dichte an unterschiedlichen T\u00f6wern ist dort besonders hoch. Bei Heini in Lorse (100-Jahre-Eck) k\u00f6nnen wir eine detaillierte \u00dcbersicht \u00fcber die meisten bekannten Erdk\u00fchlschr\u00e4nke bekommen und uns dabei f\u00fcr die Weiterfahrt st\u00e4rken.<br>\u00dcber Langwege geht es zur Schweger M\u00fchle, die einzige M\u00fchle im Landkreis Vechta, die mit Windkraft mahlen kann. Angrenzend lohnen sich auch die beiden Fachwerksiedlungen und das \u201eBussjans Hofcaf\u00e9\u201c f\u00fcr einen kleinen Abstecher.<br>Ein Bahnradweg f\u00fchrt uns nach Lohne. Vorbei am Golfplatz erwartet uns ein kleinerer Anstieg zum \u201eBierhebewerk Kokenger Berge\u201c, wo wir uns im Kornkorkenrennen messen k\u00f6nnen. Immer bergab erreichen wir schlie\u00dflich die Seefahrerschule in M\u00fchlen. Zu 15.00 Uhr ist hier eine F\u00fchrung (Kostenbeitrag 3,00 EUR) gebucht. Herr V\u00f6lkering vom Heimatverein M\u00fchlen erkl\u00e4rt, warum auf dem platten Lande eine Seefahrerschule entstanden ist. Dabei wird sicherlich so mancher Seemannsgarn gesponnen. Wer stattdessen lieber eine ausgedehnte Kaffeepause machen m\u00f6chte, kann zeitgleich auch im LaBARaca einkehren.<br>Ein weiterer Bahnradweg, ein Kalksandsteinsee und viele sch\u00f6ne Radwege mit wenig Autoverkehr f\u00fchren uns schlie\u00dflich zur\u00fcck nach Bersenbr\u00fcck.<br>Unterwegs gibt es gen\u00fcgend M\u00f6glichkeiten f\u00fcr kurze Pausen. Auch eine etwas l\u00e4ngere Mittagspause ist eingeplant.<\/p>\n\n\n\n<p class=\"has-small-font-size\"><br><br><strong>Streckenl\u00e4nge<\/strong>: ca. 70 km<br><strong>Wegbeschaffenheit<\/strong>: flach, meist befestigt<br><strong>Fahrrad<\/strong>: E-Bikes empfohlen \u2013 Bio-Bike f\u00fcr trainierte Fahrer m\u00f6glich<br><strong>Tourenleitung<\/strong>: Torsten Schr\u00f6der<\/p>\n\n\n<div class=\"wp-block-image\">\n<figure class=\"aligncenter size-full is-resized\"><img decoding=\"async\" loading=\"lazy\" src=\"https:\/\/www.pro-fahrrad-bsb.de\/wp-content\/uploads\/signal-2025-04-28-110022_002.png\" alt=\"\" class=\"wp-image-370\" width=\"479\" height=\"358\"\/><\/figure><\/div>\n\n\n<p class=\"has-medium-font-size\"><strong>Tour 3:  Mittwoch, 21. Mai, <\/strong><br>              <strong>17.00 \u2013 20.00 Uhr<\/strong><\/p>\n\n\n\n<p class=\"has-small-font-size\"><strong>Feierabendtour mit Besichtigung Telkamps M\u00fchle in Kettenkamp<\/strong><br>Wir starten zusammen um 17.00 Uhr am Heimathaus in Bersenbr\u00fcck, fahren abseits der gro\u00dfen Stra\u00dfen in gem\u00fctlichem Tempo nach Kettenkamp und dort zu Telkamps M\u00fchle. Dort empfangen uns Mitglieder des Heimatvereins Kettenkamp um ca.18.00 Uhr. Sie werden uns etwa 30 Minuten \u00fcber Aufbau, Einbau und Arbeit des neues Wasserrades erz\u00e4hlen. Vorher gibt es noch die M\u00f6glichkeit, sich beim Heimatverein ein Getr\u00e4nk zu kaufen. Danach geht es \u00fcber eine andere Strecke zur\u00fcck nach Bersenbr\u00fcck, wo wir sp\u00e4testens um 20.00 Uhr wieder am Heimathaus ankommen.<br><br><strong>Streckenl\u00e4nge<\/strong>: ca. 25 km<br><strong>Wegbeschaffenheit<\/strong>: flach, meist befestigt<br><strong>Fahrrad<\/strong>: geeignet f\u00fcr Bio- und E-Bikes<br><strong>Tourenleitung<\/strong>: Matthias Wesselkamp<\/p>\n\n\n\n<p class=\"has-medium-font-size\"><strong>Tour 4: Sonntag, 25. Mai, <\/strong><br>             <strong>ab 14.30 Uhr<\/strong><\/p>\n\n\n\n<p class=\"has-small-font-size\"><strong>Radeln und Erkunden: Die B\u00f6den rund um Bersenbr\u00fcck.<\/strong><br>Begeben Sie sich mit uns auf eine spannende Fahrradtour durch die eiszeitlich gepr\u00e4gte Landschaft des Nordkreises Osnabr\u00fcck!&nbsp;Entdecken Sie, wie der Boden nicht nur unsere Landschaft, sondern auch die landwirtschaftliche Nutzung pr\u00e4gt.&nbsp;Warum gibt es hier besonders fruchtbare \u00c4cker, w\u00e4hrend andere Fl\u00e4chen feucht und schwer zu bewirtschaften sind?&nbsp;Welche Spuren der Vergangenheit beeinflussen noch heute die Landwirtschaft? Und was verr\u00e4t der Boden \u00fcber die Geschichte der Region?<br><br><strong>Streckenl\u00e4nge<\/strong>: ca. 25 km<br><strong>Wegbeschaffenheit<\/strong>: flach, meist befestigt<br><strong>Fahrrad<\/strong>: geeignet f\u00fcr Bio- und E-Bikes<br><strong>Tourenleitung<\/strong>: Imke Kolloge und Tina Frank<\/p>\n\n\n<div class=\"wp-block-image\">\n<figure class=\"aligncenter size-full is-resized\"><img decoding=\"async\" loading=\"lazy\" src=\"https:\/\/www.pro-fahrrad-bsb.de\/wp-content\/uploads\/Photos\/IMG_1235.png\" alt=\"\" class=\"wp-image-355\" width=\"480\" height=\"324\"\/><\/figure><\/div>\n\n\n<p class=\"has-medium-font-size\"><strong>Tour 5: Mittwoch, 28. Mai, <\/strong><br>            <strong>17.00 \u2013 20.00 Uhr<\/strong><\/p>\n\n\n\n<p class=\"has-small-font-size\"><strong>Feierabendtour Re-Powering Projekt Badbergen-Wehdel<\/strong><br>Unter der F\u00fchrung von Elisabeth Middelschulte fahren wir um 17.00 Uhr beim Heimathaus in Bersenbr\u00fcck gemeinsam los. Wir fahren \u00f6stlich der Hase zur Kreuzung Gehrder Stra\u00dfe\/Hasekamp\/Nietfeldsweg in Badbergen. Dort treffen wir den Fahrradlotsen Axel Schl\u00e4ger. Er wird uns zum Windpark in Badbergen Wehdel f\u00fchren, wo er uns ca. 20 Minuten etwas zum Re-Powering Projekt erz\u00e4hlt. Danach gehts weiter westlich der Hase zur\u00fcck zum Heimathaus.<br><br><strong>Streckenl\u00e4nge<\/strong>: ca. 30 km<br><strong>Wegbeschaffenheit<\/strong>: flach, meist befestigt<br><strong>Fahrrad<\/strong>: geeignet f\u00fcr Bio- und E-Bikes<br><strong>Tourenleitung<\/strong>: Elisabeth Middelschulte<\/p>\n\n\n\n<p><br><strong>Hinweis:<\/strong> Jeder Teilnehmer f\u00e4hrt auf eigene Gefahr mit. Die Touren sind grunds\u00e4tzlich kostenfrei. Es k\u00f6nnen jedoch Kosten f\u00fcr Getr\u00e4nke, Essen und F\u00fchrungen entstehen. Die Teilnahme an diesen Angeboten ist aber jeweils freiwillig.<\/p>\n","protected":false},"excerpt":{"rendered":"<p>W\u00e4hrend des Statradelns k\u00f6nnen alle Radfahrenden mit ihren Kilometern den Radverkehr in der Region unterst\u00fctzen und gleichzeitig einen Beitrag f\u00fcr den Klimaschutz leisten \u2013 gerne auch in unserem Stadradeln-Team PRO Fahrrad Bersenbr\u00fcck. Nach der Registrierung kann man einem Team beitreten. Wem die Registrierung und die Nutzung der App zu umst\u00e4ndlich sind, kann die geradelten Kilometer &hellip; <a href=\"https:\/\/www.pro-fahrrad-bsb.de\/index.php\/stadtradeln-2025\/\" class=\"more-link\"><span class=\"screen-reader-text\">Stadtradeln 2025<\/span> weiterlesen<\/a><\/p>\n","protected":false},"author":1,"featured_media":0,"parent":0,"menu_order":0,"comment_status":"closed","ping_status":"closed","template":"","meta":{"pgc_sgb_lightbox_settings":""},"_links":{"self":[{"href":"https:\/\/www.pro-fahrrad-bsb.de\/index.php\/wp-json\/wp\/v2\/pages\/337"}],"collection":[{"href":"https:\/\/www.pro-fahrrad-bsb.de\/index.php\/wp-json\/wp\/v2\/pages"}],"about":[{"href":"https:\/\/www.pro-fahrrad-bsb.de\/index.php\/wp-json\/wp\/v2\/types\/page"}],"author":[{"embeddable":true,"href":"https:\/\/www.pro-fahrrad-bsb.de\/index.php\/wp-json\/wp\/v2\/users\/1"}],"replies":[{"embeddable":true,"href":"https:\/\/www.pro-fahrrad-bsb.de\/index.php\/wp-json\/wp\/v2\/comments?post=337"}],"version-history":[{"count":13,"href":"https:\/\/www.pro-fahrrad-bsb.de\/index.php\/wp-json\/wp\/v2\/pages\/337\/revisions"}],"predecessor-version":[{"id":382,"href":"https:\/\/www.pro-fahrrad-bsb.de\/index.php\/wp-json\/wp\/v2\/pages\/337\/revisions\/382"}],"wp:attachment":[{"href":"https:\/\/www.pro-fahrrad-bsb.de\/index.php\/wp-json\/wp\/v2\/media?parent=337"}],"curies":[{"name":"wp","href":"https:\/\/api.w.org\/{rel}","templated":true}]}}