{"id":48,"date":"2022-08-07T22:37:29","date_gmt":"2022-08-07T20:37:29","guid":{"rendered":"https:\/\/www.pro-fahrrad-bsb.de\/?page_id=48"},"modified":"2025-11-26T10:35:00","modified_gmt":"2025-11-26T09:35:00","slug":"verbesserungsmoeglichkeiten","status":"publish","type":"page","link":"https:\/\/www.pro-fahrrad-bsb.de\/index.php\/verbesserungsmoeglichkeiten\/","title":{"rendered":"Verbesserungsm\u00f6glichkeiten"},"content":{"rendered":"\n<p style=\"font-size:18px\">Am 8.11.25 fand in der Grundschule Bersenbr\u00fcck eine B\u00fcrgerinformation zur Stadtentwicklung statt. Den Beitrag von ProFahrrad k\u00f6nnen Sie hier herunterladen:<\/p>\n\n\n\n<div class=\"wp-block-file\"><a id=\"wp-block-file--media-766c57ae-d622-473a-a638-3f099a614dae\" href=\"https:\/\/www.pro-fahrrad-bsb.de\/wp-content\/uploads\/Impulsvortrag - Bu\u0308rgerbeteiligung 8.11.25.pdf\" target=\"_blank\" rel=\"noreferrer noopener\">Impulsvortrag Pro Fahrrad &#8211; Bu\u0308rgerbeteiligung 8.11.25<\/a><\/div>\n\n\n\n<p class=\"has-medium-font-size\">Unseren Diskussionvorschlag zu einem Radwegekonzept f\u00fcr Bersenbr\u00fcck haben wir in OpenStreetMap ver\u00f6ffentlicht. Den Vorschlag finden Sie <a href=\"https:\/\/umap.openstreetmap.de\/de\/map\/radwegenetz-und-problembereiche-bsb-offentlich_86330#15\/52.5547\/7.9477\">hier<\/a>. Verwenden Sie dort das Men\u00fc auf der linken Seite, um die Darstellung anzupassen. Falls Sie Ideen, Vorschl\u00e4ge oder Erg\u00e4nzungen einbringen m\u00f6chten, kontaktieren Sie uns!<\/p>\n\n\n\n<p class=\"has-medium-font-size\"> Den Beitrag des Ingenieurb\u00fcros IPW k\u00f6nnen Sie \u00fcber das Rats-Informationssystem der Samtgemeinde Bersenbr\u00fcck oder direkt hier herunterladen:<\/p>\n\n\n\n<div class=\"wp-block-file\"><a id=\"wp-block-file--media-606bf7fe-6669-4974-9a69-2af8279258c6\" href=\"https:\/\/www.pro-fahrrad-bsb.de\/wp-content\/uploads\/2025_08_21_Arbeitsstand_Praesentation_IPW.pdf\" target=\"_blank\" rel=\"noreferrer noopener\">Pr\u00e4sentation IPW &#8211; Arbeitsstand 21.8.25<\/a><\/div>\n\n\n\n<p>Hier findest Du eine Auflistung weiterer Verbesserungsm\u00f6glichkeiten in der Stadt Bersenbr\u00fcck, um das Fahrradfahren noch attraktiver zu gestalten.<\/p>\n\n\n\n\t\t<!-- MasterSlider -->\n\t\t<div id=\"P_MS6a07e2ea44e6d\" class=\"master-slider-parent msl ms-parent-id-2\" style=\"max-width:800px;\">\n\n\t\t\t\n\t\t\t<!-- MasterSlider Main -->\n\t\t\t<div id=\"MS6a07e2ea44e6d\" class=\"master-slider ms-skin-default\" >\n\t\t\t\t \t\t\t\t \n\t\t\t\t<div  class=\"ms-slide\" data-delay=\"3\" data-fill-mode=\"fit\"  >\n\t\t\t\t\t<img src=\"https:\/\/www.pro-fahrrad-bsb.de\/wp-content\/plugins\/master-slider\/public\/assets\/css\/blank.gif\" alt=\"\" title=\"\" data-src=\"https:\/\/www.pro-fahrrad-bsb.de\/wp-content\/uploads\/profahrradbsb.006.jpeg\" \/>\n\n\t\t\t\t\t<div class=\"ms-info\"><h3 style=\"text-align: center;\">Bahn\u00fcbergang Lindenstra\u00dfe, Fahrtrichtung stadtausw\u00e4rts<br \/>Sicherheitsrisiko bei geschlossenen Schranken<\/h3><strong>Problem<\/strong><br \/>Von der Gerstlandstra\u00dfe kommend m\u00fcssen Fahrradfahrende zun\u00e4chst auf der Lindenstra\u00dfe fahren. Kurz vor dem Bahn\u00fcbergang m\u00fcssen die Radfahrenden dann auf den Fu\u00df-\/Radweg wechseln. Dies ist ein Sicherheitsrisiko, insbesondere bei geschlossenen Schranken, wenn Radfahrende auf der Stra\u00dfe an den wartenden Autos vorbei auf den Fu\u00df-\/Radweg fahren.<br \/><br \/><strong>L\u00f6sungsvorschlag<\/strong><br \/><ul><li>Getrennter oder kombinierter Fu\u00df- \/ Radweg ab Gerstlandstra\u00dfe bis zum Bahn\u00fcbergang.<\/li><li>Aufbringen von Piktogrammen auf dem Pflaster.<\/li><li>Anbringen deutlicher Markierungen an der Ausfahrt des Parkplatzes Combi.<\/li><\/ul><\/div>\n\n\n\t<div class=\"ms-thumb\" ><div class=\"ms-tab-context\"><div class=&quot;ms-tab-context&quot;><\/div><\/div>\n<\/div>\n\t\t\t\t<\/div>\n\t\t\t\t<div  class=\"ms-slide\" data-delay=\"3\" data-fill-mode=\"fit\"  >\n\t\t\t\t\t<img src=\"https:\/\/www.pro-fahrrad-bsb.de\/wp-content\/plugins\/master-slider\/public\/assets\/css\/blank.gif\" alt=\"\" title=\"\" data-src=\"https:\/\/www.pro-fahrrad-bsb.de\/wp-content\/uploads\/profahrradbsb.009.jpeg\" \/>\n\n\t\t\t\t\t<div class=\"ms-info\"><h3 style=\"text-align: center;\">Bahn\u00fcbergang Lindenstra\u00dfe: Fahrtrichtung stadteinw\u00e4rts<br \/>Unsinnige Verkehrsf\u00fchrung f\u00fcr Radfahrer<\/h3><strong>Problem<\/strong><br \/>Ab der Einm\u00fcndung \"Am Brink\" bis zum Bahn\u00fcbergang besteht f\u00fcr Radfahrende Fahrgebot auf dem B\u00fcrgersteig. Direkt hinter dem Bahn\u00fcbergang endet der Radweg noch vor der Stra\u00dfe \"Am Bahnhof\".<br \/>Radfahrende m\u00fcssen sich dort auf die Lindenstra\u00dfe in den flie\u00dfenden Autoverkehr einordnen. Abbiegende Radfahrende Richtung Bahnhof m\u00fcssen den B\u00fcrgersteig verlassen, auf der Stra\u00dfe rechts abbiegen und k\u00f6nnen erst nach einigen Metern entlang der Stra\u00dfe Am Bahnhof wieder auf den Rad-\/Fu\u00dfweg fahren. Sicherheitsrisiko, insbesondere nach \u00d6ffnung der Schranken!<br \/><br \/><strong>L\u00f6sungsvorschlag<\/strong><br \/><ul><li>Versetzen des Schildes \"Radweg Ende\", so dass der Radweg erst auf der Stra\u00dfe Am Bahnhof endet.<\/li><li>Freigabe des Fu\u00dfweges f\u00fcr rechtsabbiegende Radfahrende.<\/li><\/ul><\/div>\n\n\n\t<div class=\"ms-thumb\" ><div class=\"ms-tab-context\"><div class=&quot;ms-tab-context&quot;><\/div><\/div>\n<\/div>\n\t\t\t\t<\/div>\n\t\t\t\t<div  class=\"ms-slide\" data-delay=\"3\" data-fill-mode=\"fit\"  >\n\t\t\t\t\t<img src=\"https:\/\/www.pro-fahrrad-bsb.de\/wp-content\/plugins\/master-slider\/public\/assets\/css\/blank.gif\" alt=\"\" title=\"\" data-src=\"https:\/\/www.pro-fahrrad-bsb.de\/wp-content\/uploads\/profahrradbsb.012.jpeg\" \/>\n\n\t\t\t\t\t<div class=\"ms-info\"><h3 style=\"text-align: center;\">Holzbr\u00fccke am Kindergarten Arche Noah<br \/>Zu enge Abbiegung<\/h3><strong>Problem<\/strong><br \/>Die Abbiegung von Arche Noah kommend \u00fcber die Holzbr\u00fccke Richtung Brink ist zu scharf. Radfahrer geraten leicht auf den gepflasterten Platz und dort auf die Umrandungskante: Sturzgefahr!<br \/><br \/><strong>L\u00f6sungsvorschlag<\/strong><br \/><ul><li>Verbreiterung des Weges.<\/li><li>Ber\u00fccksichtigung des Wendekreises von Radfahrern.<\/li><\/ul><\/div>\n\n\n\t<div class=\"ms-thumb\" ><div class=\"ms-tab-context\"><div class=&quot;ms-tab-context&quot;><\/div><\/div>\n<\/div>\n\t\t\t\t<\/div>\n\t\t\t\t<div  class=\"ms-slide\" data-delay=\"3\" data-fill-mode=\"fit\"  >\n\t\t\t\t\t<img src=\"https:\/\/www.pro-fahrrad-bsb.de\/wp-content\/plugins\/master-slider\/public\/assets\/css\/blank.gif\" alt=\"\" title=\"\" data-src=\"https:\/\/www.pro-fahrrad-bsb.de\/wp-content\/uploads\/profahrradbsb.016.jpeg\" \/>\n\n\t\t\t\t\t<div class=\"ms-info\"><h3 style=\"text-align: center;\">Am Bahnhof<br \/>Autos parken auf dem Rad- und Fu\u00dfweg vor dem Bahnhof<\/h3><strong>L\u00f6sungsvorschlag<\/strong><br \/><ul><li>Rad- und Fu\u00dfweg-Piktogramme auf dem Pflaster anbringen.<\/li><li>Verbreiterung des viel zu engen Weges zu Lasten des Kopfsteinpflasters.<\/li><\/ul><\/div>\n\n\n\t<div class=\"ms-thumb\" ><div class=\"ms-tab-context\"><div class=&quot;ms-tab-context&quot;><\/div><\/div>\n<\/div>\n\t\t\t\t<\/div>\n\t\t\t\t<div  class=\"ms-slide\" data-delay=\"3\" data-fill-mode=\"fit\"  >\n\t\t\t\t\t<img src=\"https:\/\/www.pro-fahrrad-bsb.de\/wp-content\/plugins\/master-slider\/public\/assets\/css\/blank.gif\" alt=\"\" title=\"\" data-src=\"https:\/\/www.pro-fahrrad-bsb.de\/wp-content\/uploads\/profahrradbsb.018.jpeg\" \/>\n\n\t\t\t\t\t<div class=\"ms-info\"><h3 style=\"text-align: center;\">Gesamter Innenstadtbereich<br \/>Falsch parkende Autos: Hindernisse f\u00fcr andere Verkehrsteilnehmer<\/h3><strong>Problem<\/strong><br \/>Im Innenstadtbereich gilt die Parkerlaubnis nur f\u00fcr 2h mit Parkscheibe, dieses wird weithin ignoriert und auch nicht kontrolliert. Falschparkende Autos auf Geh- und Radwegen im gesamten Stadtgebiet.<br \/><br \/><strong>Beispiel: B\u00fcrgermeister-Kreke-Str.<\/strong><br \/>An der Einm\u00fcndung B\u00fcrgermeister-Kreke-Str.-Bramscher Str. parken sehr oft Autos (gr\u00fcn markiert) auf dem Weg um eben schnell zur Post zu laufen. Dann wird es da eng da Rad-\/Autofahrende kurz in den Gegenverkehr m\u00fcssen, um auf die Bramscher Stra\u00dfe einzubiegen. Zus\u00e4tzliche Gefahr f\u00fcr Radfahrende, da hier die M\u00f6glichkeit besteht in gerade ge\u00f6ffnete Autot\u00fcren zu fahren.<br \/><br \/><strong>L\u00f6sungsvorschlag<\/strong><br \/><ul><li>Regelm\u00e4\u00dfige Kontrollen des ruhenden Verkehrs mit Bu\u00dfgeldern (siehe Stadt Bramsche).<\/li><li>Es gibt gen\u00fcgend Parkraum, z.B. den gro\u00dfen Parkplatz in der B\u00fcrgermeister-Kreke-Str. Dieser w\u00fcrde genutzt werden, wenn ein Parken seitlich am Geb\u00e4ude von Brillen Scriba nicht mehr m\u00f6glich w\u00e4re.<\/li><li>Durch Schilder in der Lindenstra\u00dfe und Bramscher Stra\u00dfe auf den Parkplatz in der B\u00fcrgermeister-Kreke-Stra\u00dfe hinweisen.<\/li><\/ul><\/div>\n\n\n\t<div class=\"ms-thumb\" ><div class=\"ms-tab-context\"><div class=&quot;ms-tab-context&quot;><\/div><\/div>\n<\/div>\n\t\t\t\t<\/div>\n\t\t\t\t<div  class=\"ms-slide\" data-delay=\"3\" data-fill-mode=\"fit\"  >\n\t\t\t\t\t<img src=\"https:\/\/www.pro-fahrrad-bsb.de\/wp-content\/plugins\/master-slider\/public\/assets\/css\/blank.gif\" alt=\"\" title=\"\" data-src=\"https:\/\/www.pro-fahrrad-bsb.de\/wp-content\/uploads\/profahrradbsb.023.jpeg\" \/>\n\n\t\t\t\t\t<div class=\"ms-info\"><h3 style=\"text-align: center;\">Bramscher Stra\u00dfe zwischen Markt und Bahnhofstra\u00dfe<br \/>Fehlende M\u00f6glichkeit zur sicheren \u00dcberquerung durch Fu\u00dfg\u00e4nger und Radfahrende<\/h3><strong>Problem<\/strong><br \/>Zwischen dem Zebrastreifen Am Markt und dem Zebrastreifen in H\u00f6he der Bahnhofstra\u00dfe fehlen auf der Bramscher Stra\u00dfe sichere \u00dcberquerungsm\u00f6glichkeiten. Insbesondere in H\u00f6he der Buchhandlung \/ Schulstra\u00dfe, wird die Bramscher Stra\u00dfe von Fu\u00dfg\u00e4ngern und Radfahrenden \u00fcberquert.<br \/><br \/><strong>L\u00f6sungsvorschlag<\/strong><br \/><ul><li>Einrichtung eines weiteren Zebrastreifens in H\u00f6he der Buchhandlung\/Einm\u00fcndung Schulstra\u00dfe.<\/li><li>Als positiver Nebeneffekt wird der Verkehr auf der Bramscher Stra\u00dfe durch den Zebrastreifen gebremst.<\/li><\/ul><\/div>\n\n\n\t<div class=\"ms-thumb\" ><div class=\"ms-tab-context\"><div class=&quot;ms-tab-context&quot;><\/div><\/div>\n<\/div>\n\t\t\t\t<\/div>\n\t\t\t\t<div  class=\"ms-slide\" data-delay=\"3\" data-fill-mode=\"fit\"  >\n\n\t\t\t\t\t<div class=\"ms-info\"><h3 style=\"text-align: center;\">Holzbr\u00fccken: Beschichtungen<br \/>Rutschgefahr auf den Holzbr\u00fccken reduzieren<\/h3><strong>Problem<\/strong><br \/>Bersenbr\u00fcck besitzt sechs Holzbr\u00fccken auf vielgenutzten Radwegen (Priggenhagener Stra\u00dfe an der KITA Arche Noah, Priggenhagener Stra\u00dfe N\u00e4he Wasserverband, Amtsgericht, Freude, Hertmann I, Museum - Hase). Bei N\u00e4sse oder Frost werden diese Br\u00fccken spiegelglatt und stellen ein erhebliches Sicherheitsrisiko f\u00fcr Radfahrende dar. Die Folge sind h\u00e4ufige St\u00fcrze mit teilweise schweren Verletzungen. Dabei sind die Radwege h\u00e4ufig so gef\u00fchrt, dass vor oder hinter der Br\u00fccke ein Kurve gefahren wird. Dies erh\u00f6ht die Gefahr von St\u00fcrzen!<br \/><br \/><strong>L\u00f6sungsvorschlag<\/strong><br \/><ul><li>Beschichtung der Br\u00fccken mit einem Epoxidharzbelag. Hierdurch wird die Oberfl\u00e4che angeraut und gefestigt.<\/li><li>Die Fahrradreifen erhalten bessere Haftung.<\/li><\/ul><\/div>\n\n\n\t<div class=\"ms-thumb\" ><div class=\"ms-tab-context\"><div class=&quot;ms-tab-context&quot;><\/div><\/div>\n<\/div>\n\t\t\t\t<\/div>\n\t\t\t\t<div  class=\"ms-slide\" data-delay=\"3\" data-fill-mode=\"fit\"  >\n\n\t\t\t\t\t<div class=\"ms-info\"><h3 style=\"text-align: center;\">Bahnhofstra\u00dfe in H\u00f6he S\u00fcdstra\u00dfe<br \/>Gef\u00e4hrliche \u00dcberquerung der Stra\u00dfe in Sto\u00dfzeiten<\/h3><strong>Problem<\/strong><br \/>W\u00e4hrend der Hauptverkehrszeiten gibt es von der Kreuzung Bramscher Stra\u00dfe h\u00e4ufig l\u00e4ngere R\u00fcckstaus durch Busse und PKW. Das \u00dcberqueren der Bahnhofstra\u00dfe Richtung S\u00fcdstra\u00dfe wird dadurch insbesondere f\u00fcr Eltern, die ihre Kinder mit dem Fahrrad zur Grundschule bringen zu einem Sicherheitsrisiko. <br \/><br \/><strong>L\u00f6sungsvorschlag<\/strong><br \/><ul><li>Einrichtung eines Zebrastreifens \u00fcber die Bahnhofstra\u00dfe in H\u00f6he der S\u00fcdstra\u00dfe.<\/li><li>Die Ma\u00dfnahme hat einen zus\u00e4tzlichen bremsenden Effekt auf den Autoverkehr, da sich dieser auf der Bahnhofsstra\u00dfe h\u00e4ufig nicht an das vorgeschriebene Tempolimit von 30 km\/h h\u00e4lt.<\/li><\/ul><\/div>\n\n\n\t<div class=\"ms-thumb\" ><div class=\"ms-tab-context\"><div class=&quot;ms-tab-context&quot;><\/div><\/div>\n<\/div>\n\t\t\t\t<\/div>\n\n\t\t\t<\/div>\n\t\t\t<!-- END MasterSlider Main -->\n\n\t\t\t \n\t\t<\/div>\n\t\t<!-- END MasterSlider -->\n\n\t\t<script>\n\t\t(function ( $ ) {\n\t\t\t\"use strict\";\n\n\t\t\t$(function () {\n\t\t\t\tvar masterslider_4e6d = new MasterSlider();\n\n\t\t\t\t\/\/ slider controls\n\t\t\t\tmasterslider_4e6d.control('arrows'     ,{ autohide:false, overVideo:true  });\n\t\t\t\tmasterslider_4e6d.control('slideinfo'  ,{ autohide:false, overVideo:true, dir:'h', align:'bottom',inset:false , margin:10   });\n\t\t\t\t\/\/ slider setup\n\t\t\t\tmasterslider_4e6d.setup(\"MS6a07e2ea44e6d\", {\n\t\t\t\t\t\twidth           : 800,\n\t\t\t\t\t\theight          : 480,\n\t\t\t\t\t\tminHeight       : 0,\n\t\t\t\t\t\tspace           : 0,\n\t\t\t\t\t\tstart           : 1,\n\t\t\t\t\t\tgrabCursor      : true,\n\t\t\t\t\t\tswipe           : true,\n\t\t\t\t\t\tmouse           : true,\n\t\t\t\t\t\tlayout          : \"boxed\",\n\t\t\t\t\t\twheel           : false,\n\t\t\t\t\t\tautoplay        : false,\n\t\t\t\t\t\tinstantStartLayers:false,\n\t\t\t\t\t\tloop            : false,\n\t\t\t\t\t\tshuffle         : false,\n\t\t\t\t\t\tpreload         : 0,\n\t\t\t\t\t\theightLimit     : true,\n\t\t\t\t\t\tautoHeight      : false,\n\t\t\t\t\t\tsmoothHeight    : true,\n\t\t\t\t\t\tendPause        : false,\n\t\t\t\t\t\toverPause       : true,\n\t\t\t\t\t\tfillMode        : \"fill\",\n\t\t\t\t\t\tcenterControls  : true,\n\t\t\t\t\t\tstartOnAppear   : false,\n\t\t\t\t\t\tlayersMode      : \"center\",\n\t\t\t\t\t\thideLayers      : false,\n\t\t\t\t\t\tfullscreenMargin: 0,\n\t\t\t\t\t\tspeed           : 20,\n\t\t\t\t\t\tdir             : \"h\",\n\t\t\t\t\t\tparallaxMode    : 'swipe',\n\t\t\t\t\t\tview            : \"basic\"\n\t\t\t\t});\n\n\t\t\t\t\n\t\t\t\twindow.masterslider_instances = window.masterslider_instances || [];\n\t\t\t\twindow.masterslider_instances.push( masterslider_4e6d );\n\t\t\t });\n\n\t\t})(jQuery);\n\t\t<\/script>\n\n\n","protected":false},"excerpt":{"rendered":"<p>Am 8.11.25 fand in der Grundschule Bersenbr\u00fcck eine B\u00fcrgerinformation zur Stadtentwicklung statt. Den Beitrag von ProFahrrad k\u00f6nnen Sie hier herunterladen: Unseren Diskussionvorschlag zu einem Radwegekonzept f\u00fcr Bersenbr\u00fcck haben wir in OpenStreetMap ver\u00f6ffentlicht. Den Vorschlag finden Sie hier. Verwenden Sie dort das Men\u00fc auf der linken Seite, um die Darstellung anzupassen. Falls Sie Ideen, Vorschl\u00e4ge oder &hellip; <a href=\"https:\/\/www.pro-fahrrad-bsb.de\/index.php\/verbesserungsmoeglichkeiten\/\" class=\"more-link\"><span class=\"screen-reader-text\">Verbesserungsm\u00f6glichkeiten<\/span> weiterlesen<\/a><\/p>\n","protected":false},"author":1,"featured_media":0,"parent":0,"menu_order":0,"comment_status":"closed","ping_status":"closed","template":"","meta":{"pgc_sgb_lightbox_settings":""},"_links":{"self":[{"href":"https:\/\/www.pro-fahrrad-bsb.de\/index.php\/wp-json\/wp\/v2\/pages\/48"}],"collection":[{"href":"https:\/\/www.pro-fahrrad-bsb.de\/index.php\/wp-json\/wp\/v2\/pages"}],"about":[{"href":"https:\/\/www.pro-fahrrad-bsb.de\/index.php\/wp-json\/wp\/v2\/types\/page"}],"author":[{"embeddable":true,"href":"https:\/\/www.pro-fahrrad-bsb.de\/index.php\/wp-json\/wp\/v2\/users\/1"}],"replies":[{"embeddable":true,"href":"https:\/\/www.pro-fahrrad-bsb.de\/index.php\/wp-json\/wp\/v2\/comments?post=48"}],"version-history":[{"count":10,"href":"https:\/\/www.pro-fahrrad-bsb.de\/index.php\/wp-json\/wp\/v2\/pages\/48\/revisions"}],"predecessor-version":[{"id":412,"href":"https:\/\/www.pro-fahrrad-bsb.de\/index.php\/wp-json\/wp\/v2\/pages\/48\/revisions\/412"}],"wp:attachment":[{"href":"https:\/\/www.pro-fahrrad-bsb.de\/index.php\/wp-json\/wp\/v2\/media?parent=48"}],"curies":[{"name":"wp","href":"https:\/\/api.w.org\/{rel}","templated":true}]}}