{"id":52,"date":"2022-08-06T14:19:47","date_gmt":"2022-08-06T12:19:47","guid":{"rendered":"https:\/\/www.pro-fahrrad-bsb.de\/?page_id=52"},"modified":"2023-03-14T21:28:08","modified_gmt":"2023-03-14T20:28:08","slug":"links","status":"publish","type":"page","link":"https:\/\/www.pro-fahrrad-bsb.de\/index.php\/links\/","title":{"rendered":"Links"},"content":{"rendered":"\n<p>Hier findet ihr interessante Links rund um das Thema Mobilit\u00e4t und Fahrradverkehr:<\/p>\n\n\n\n<p>Artikel in der NOZ (Bersenbr\u00fccker Kreisblatt) \u00fcber Pro Fahrrad Bersenbr\u00fcck:<br><a href=\"https:\/\/www.noz.de\/lokales\/bersenbrueck\/artikel\/dies-sind-die-gefaehrlichsten-stellen-fuer-radler-in-bersenbrueck-42664071\">https:\/\/www.noz.de\/lokales\/bersenbrueck\/artikel\/dies-sind-die-gefaehrlichsten-stellen-fuer-radler-in-bersenbrueck-42664071<\/a><\/p>\n\n\n\n<p>Arbeitsgemeinschaft fahrradfreundlicher Kommunen Niedersachsen\/Bremen<\/p>\n\n\n\n<p><a href=\"https:\/\/www.agfk-niedersachsen.de\/\">https:\/\/www.agfk-niedersachsen.de\/<\/a><\/p>\n\n\n\n<p>Fahrradinitiativen aus der Region:<\/p>\n\n\n\n<p><a rel=\"noreferrer noopener\" href=\"https:\/\/fahrradstadt.ms\/\" target=\"_blank\">https:\/\/fahrradstadt.ms\/<\/a><\/p>\n\n\n\n<p><a href=\"https:\/\/radentscheid-os.de\">https:\/\/radentscheid-os.de<\/a><\/p>\n\n\n\n<p><a href=\"https:\/\/www.pro-fahrrad-hasbergen.de\/\">https:\/\/www.pro-fahrrad-hasbergen.de\/<\/a><\/p>\n\n\n\n<p>Fahrradklimatest des Allgemeinen Deutschen Fahrradclubs (ADFC)<\/p>\n\n\n\n<p><a rel=\"noreferrer noopener\" href=\"https:\/\/fahrradklima-test.adfc.de\/\" target=\"_blank\">https:\/\/fahrradklima-test.adfc.de\/<\/a><\/p>\n\n\n\n<p><a href=\"https:\/\/www.adfc.de\/artikel\/10-adfc-fahrradklima-test-gestartet\">https:\/\/www.adfc.de\/artikel\/10-adfc-fahrradklima-test-gestartet<\/a><\/p>\n\n\n\n<p>Bedeutung der Radverkehrs in kleinen St\u00e4dten,  Mobilit\u00e4t im l\u00e4ndlichen Raum:<\/p>\n\n\n\n<p><a href=\"https:\/\/www.zeit.de\/news\/2021-03\/16\/wettringen-ist-fahrradfreundlichste-kleinstadt-deutschlands\" target=\"_blank\" rel=\"noreferrer noopener\">https:\/\/www.zeit.de\/news\/2021-03\/16\/wettringen-ist-fahrradfreundlichste-kleinstadt-deutschlands<\/a><\/p>\n\n\n\n<p><a href=\"https:\/\/www.ivp.tu-berlin.de\/fileadmin\/fg93\/Forschung\/Projekte\/Laendlicher_Raum\/ufm-handbuch.pdf\">https:\/\/www.ivp.tu-berlin.de\/fileadmin\/fg93\/Forschung\/Projekte\/Laendlicher_Raum\/ufm-handbuch.pdf<\/a><\/p>\n\n\n\n<p>Kidical Mass:<\/p>\n\n\n\n<p><a href=\"https:\/\/kinderaufsrad.org\/\">https:\/\/kinderaufsrad.org\/<\/a><\/p>\n\n\n\n<p>Bericht<\/p>\n\n\n\n<p>Stadt Bersenbr\u00fcck &#8211; Impulsberatung Fahrradmobilit\u00e4t (PDF):<\/p>\n\n\n\n<div class=\"wp-block-file\"><a id=\"wp-block-file--media-b206b961-e722-4928-9813-94c7263e31c9\" href=\"https:\/\/www.pro-fahrrad-bsb.de\/wp-content\/uploads\/B_BR069_KEAN_StadtBersenbrueck_061222.pdf\" target=\"_blank\" rel=\"noreferrer noopener\">B_BR069_KEAN_StadtBersenbrueck_061222<\/a><a href=\"https:\/\/www.pro-fahrrad-bsb.de\/wp-content\/uploads\/B_BR069_KEAN_StadtBersenbrueck_061222.pdf\" class=\"wp-block-file__button\" download aria-describedby=\"wp-block-file--media-b206b961-e722-4928-9813-94c7263e31c9\">Herunterladen<\/a><\/div>\n","protected":false},"excerpt":{"rendered":"<p>Hier findet ihr interessante Links rund um das Thema Mobilit\u00e4t und Fahrradverkehr: Artikel in der NOZ (Bersenbr\u00fccker Kreisblatt) \u00fcber Pro Fahrrad Bersenbr\u00fcck:https:\/\/www.noz.de\/lokales\/bersenbrueck\/artikel\/dies-sind-die-gefaehrlichsten-stellen-fuer-radler-in-bersenbrueck-42664071 Arbeitsgemeinschaft fahrradfreundlicher Kommunen Niedersachsen\/Bremen https:\/\/www.agfk-niedersachsen.de\/ Fahrradinitiativen aus der Region: https:\/\/fahrradstadt.ms\/ https:\/\/radentscheid-os.de https:\/\/www.pro-fahrrad-hasbergen.de\/ Fahrradklimatest des Allgemeinen Deutschen Fahrradclubs (ADFC) https:\/\/fahrradklima-test.adfc.de\/ https:\/\/www.adfc.de\/artikel\/10-adfc-fahrradklima-test-gestartet Bedeutung der Radverkehrs in kleinen St\u00e4dten, Mobilit\u00e4t im l\u00e4ndlichen Raum: https:\/\/www.zeit.de\/news\/2021-03\/16\/wettringen-ist-fahrradfreundlichste-kleinstadt-deutschlands https:\/\/www.ivp.tu-berlin.de\/fileadmin\/fg93\/Forschung\/Projekte\/Laendlicher_Raum\/ufm-handbuch.pdf Kidical &hellip; <a href=\"https:\/\/www.pro-fahrrad-bsb.de\/index.php\/links\/\" class=\"more-link\"><span class=\"screen-reader-text\">Links<\/span> weiterlesen<\/a><\/p>\n","protected":false},"author":1,"featured_media":0,"parent":0,"menu_order":0,"comment_status":"closed","ping_status":"closed","template":"","meta":{"pgc_sgb_lightbox_settings":""},"_links":{"self":[{"href":"https:\/\/www.pro-fahrrad-bsb.de\/index.php\/wp-json\/wp\/v2\/pages\/52"}],"collection":[{"href":"https:\/\/www.pro-fahrrad-bsb.de\/index.php\/wp-json\/wp\/v2\/pages"}],"about":[{"href":"https:\/\/www.pro-fahrrad-bsb.de\/index.php\/wp-json\/wp\/v2\/types\/page"}],"author":[{"embeddable":true,"href":"https:\/\/www.pro-fahrrad-bsb.de\/index.php\/wp-json\/wp\/v2\/users\/1"}],"replies":[{"embeddable":true,"href":"https:\/\/www.pro-fahrrad-bsb.de\/index.php\/wp-json\/wp\/v2\/comments?post=52"}],"version-history":[{"count":11,"href":"https:\/\/www.pro-fahrrad-bsb.de\/index.php\/wp-json\/wp\/v2\/pages\/52\/revisions"}],"predecessor-version":[{"id":178,"href":"https:\/\/www.pro-fahrrad-bsb.de\/index.php\/wp-json\/wp\/v2\/pages\/52\/revisions\/178"}],"wp:attachment":[{"href":"https:\/\/www.pro-fahrrad-bsb.de\/index.php\/wp-json\/wp\/v2\/media?parent=52"}],"curies":[{"name":"wp","href":"https:\/\/api.w.org\/{rel}","templated":true}]}}